{"id":45,"date":"2023-05-26T15:20:05","date_gmt":"2023-05-26T13:20:05","guid":{"rendered":"http:\/\/nordnova.jfmwebkatalog.dk\/?page_id=45"},"modified":"2023-09-13T09:19:10","modified_gmt":"2023-09-13T07:19:10","slug":"kontakt","status":"publish","type":"page","link":"https:\/\/jfmwebkatalog.dk\/designs\/nordnova\/kontakt\/","title":{"rendered":"Kontakt"},"content":{"rendered":"\t\t<div data-elementor-type=\"wp-page\" data-elementor-id=\"45\" class=\"elementor elementor-45\" data-elementor-post-type=\"page\">\n\t\t\t\t\t\t<section class=\"elementor-section elementor-top-section elementor-element elementor-element-61b4033 elementor-section-height-min-height elementor-section-boxed elementor-section-height-default elementor-section-items-middle\" data-id=\"61b4033\" data-element_type=\"section\" data-e-type=\"section\" data-settings=\"{&quot;background_background&quot;:&quot;classic&quot;}\">\n\t\t\t\t\t\t\t<div class=\"elementor-background-overlay\"><\/div>\n\t\t\t\t\t\t\t<div class=\"elementor-container elementor-column-gap-default\">\n\t\t\t\t\t<div class=\"elementor-column elementor-col-100 elementor-top-column elementor-element elementor-element-53e0a1e3\" data-id=\"53e0a1e3\" data-element_type=\"column\" data-e-type=\"column\" data-settings=\"{&quot;background_background&quot;:&quot;classic&quot;}\">\n\t\t\t<div class=\"elementor-widget-wrap elementor-element-populated\">\n\t\t\t\t\t\t\t<\/div>\n\t\t<\/div>\n\t\t\t\t\t<\/div>\n\t\t<\/section>\n\t\t\t\t<section class=\"elementor-section elementor-top-section elementor-element elementor-element-1c500814 elementor-section-boxed elementor-section-height-default elementor-section-height-default\" data-id=\"1c500814\" data-element_type=\"section\" data-e-type=\"section\">\n\t\t\t\t\t\t<div class=\"elementor-container elementor-column-gap-default\">\n\t\t\t\t\t<div class=\"elementor-column elementor-col-50 elementor-top-column elementor-element elementor-element-622dd070\" data-id=\"622dd070\" data-element_type=\"column\" data-e-type=\"column\" data-settings=\"{&quot;background_background&quot;:&quot;classic&quot;}\">\n\t\t\t<div class=\"elementor-widget-wrap elementor-element-populated\">\n\t\t\t\t\t\t<div class=\"elementor-element elementor-element-48212ba9 animated-fast elementor-invisible elementor-widget elementor-widget-image\" data-id=\"48212ba9\" data-element_type=\"widget\" data-e-type=\"widget\" data-settings=\"{&quot;_animation&quot;:&quot;fadeInRight&quot;}\" data-widget_type=\"image.default\">\n\t\t\t\t<div class=\"elementor-widget-container\">\n\t\t\t\t\t\t\t\t\t\t\t\t\t\t\t<img fetchpriority=\"high\" decoding=\"async\" width=\"800\" height=\"800\" src=\"https:\/\/jfmwebkatalog.dk\/designs\/nordnova\/wp-content\/uploads\/2023\/05\/pattern-1024x1024.png\" class=\"attachment-large size-large wp-image-128\" alt=\"\" srcset=\"https:\/\/jfmwebkatalog.dk\/designs\/nordnova\/wp-content\/uploads\/2023\/05\/pattern-1024x1024.png 1024w, https:\/\/jfmwebkatalog.dk\/designs\/nordnova\/wp-content\/uploads\/2023\/05\/pattern-300x300.png 300w, https:\/\/jfmwebkatalog.dk\/designs\/nordnova\/wp-content\/uploads\/2023\/05\/pattern-150x150.png 150w, https:\/\/jfmwebkatalog.dk\/designs\/nordnova\/wp-content\/uploads\/2023\/05\/pattern-768x768.png 768w, https:\/\/jfmwebkatalog.dk\/designs\/nordnova\/wp-content\/uploads\/2023\/05\/pattern-1536x1536.png 1536w, https:\/\/jfmwebkatalog.dk\/designs\/nordnova\/wp-content\/uploads\/2023\/05\/pattern.png 2000w\" sizes=\"(max-width: 800px) 100vw, 800px\" \/>\t\t\t\t\t\t\t\t\t\t\t\t\t\t\t<\/div>\n\t\t\t\t<\/div>\n\t\t\t\t<div class=\"elementor-element elementor-element-50b01b70 elementor-invisible elementor-widget elementor-widget-image\" data-id=\"50b01b70\" data-element_type=\"widget\" data-e-type=\"widget\" data-settings=\"{&quot;_animation&quot;:&quot;fadeInRight&quot;}\" data-widget_type=\"image.default\">\n\t\t\t\t<div class=\"elementor-widget-container\">\n\t\t\t\t\t\t\t\t\t\t\t\t\t\t\t<img decoding=\"async\" width=\"667\" height=\"1024\" src=\"https:\/\/jfmwebkatalog.dk\/designs\/nordnova\/wp-content\/uploads\/2023\/05\/pexels-roman-odintsov-4553374-667x1024.jpg\" class=\"attachment-large size-large wp-image-121\" alt=\"\" srcset=\"https:\/\/jfmwebkatalog.dk\/designs\/nordnova\/wp-content\/uploads\/2023\/05\/pexels-roman-odintsov-4553374-667x1024.jpg 667w, https:\/\/jfmwebkatalog.dk\/designs\/nordnova\/wp-content\/uploads\/2023\/05\/pexels-roman-odintsov-4553374-195x300.jpg 195w, https:\/\/jfmwebkatalog.dk\/designs\/nordnova\/wp-content\/uploads\/2023\/05\/pexels-roman-odintsov-4553374-768x1180.jpg 768w, https:\/\/jfmwebkatalog.dk\/designs\/nordnova\/wp-content\/uploads\/2023\/05\/pexels-roman-odintsov-4553374-1000x1536.jpg 1000w, https:\/\/jfmwebkatalog.dk\/designs\/nordnova\/wp-content\/uploads\/2023\/05\/pexels-roman-odintsov-4553374-1333x2048.jpg 1333w, https:\/\/jfmwebkatalog.dk\/designs\/nordnova\/wp-content\/uploads\/2023\/05\/pexels-roman-odintsov-4553374-scaled.jpg 1667w\" sizes=\"(max-width: 667px) 100vw, 667px\" \/>\t\t\t\t\t\t\t\t\t\t\t\t\t\t\t<\/div>\n\t\t\t\t<\/div>\n\t\t\t\t<div class=\"elementor-element elementor-element-3975f045 elementor-invisible elementor-widget elementor-widget-image\" data-id=\"3975f045\" data-element_type=\"widget\" data-e-type=\"widget\" data-settings=\"{&quot;motion_fx_motion_fx_mouse&quot;:&quot;yes&quot;,&quot;motion_fx_mouseTrack_effect&quot;:&quot;yes&quot;,&quot;motion_fx_mouseTrack_speed&quot;:{&quot;unit&quot;:&quot;px&quot;,&quot;size&quot;:0.3,&quot;sizes&quot;:[]},&quot;_animation&quot;:&quot;fadeInUp&quot;,&quot;_animation_delay&quot;:300}\" data-widget_type=\"image.default\">\n\t\t\t\t<div class=\"elementor-widget-container\">\n\t\t\t\t\t\t\t\t\t\t\t\t\t\t\t<img decoding=\"async\" width=\"512\" height=\"512\" src=\"https:\/\/jfmwebkatalog.dk\/designs\/nordnova\/wp-content\/uploads\/2023\/05\/cropped-logo-ikon-guld-1.png\" class=\"attachment-large size-large wp-image-20\" alt=\"\" srcset=\"https:\/\/jfmwebkatalog.dk\/designs\/nordnova\/wp-content\/uploads\/2023\/05\/cropped-logo-ikon-guld-1.png 512w, https:\/\/jfmwebkatalog.dk\/designs\/nordnova\/wp-content\/uploads\/2023\/05\/cropped-logo-ikon-guld-1-300x300.png 300w, https:\/\/jfmwebkatalog.dk\/designs\/nordnova\/wp-content\/uploads\/2023\/05\/cropped-logo-ikon-guld-1-150x150.png 150w, https:\/\/jfmwebkatalog.dk\/designs\/nordnova\/wp-content\/uploads\/2023\/05\/cropped-logo-ikon-guld-1-270x270.png 270w, https:\/\/jfmwebkatalog.dk\/designs\/nordnova\/wp-content\/uploads\/2023\/05\/cropped-logo-ikon-guld-1-192x192.png 192w, https:\/\/jfmwebkatalog.dk\/designs\/nordnova\/wp-content\/uploads\/2023\/05\/cropped-logo-ikon-guld-1-180x180.png 180w, https:\/\/jfmwebkatalog.dk\/designs\/nordnova\/wp-content\/uploads\/2023\/05\/cropped-logo-ikon-guld-1-32x32.png 32w\" sizes=\"(max-width: 512px) 100vw, 512px\" \/>\t\t\t\t\t\t\t\t\t\t\t\t\t\t\t<\/div>\n\t\t\t\t<\/div>\n\t\t\t\t\t<\/div>\n\t\t<\/div>\n\t\t\t\t<div class=\"elementor-column elementor-col-50 elementor-top-column elementor-element elementor-element-44627282\" data-id=\"44627282\" data-element_type=\"column\" data-e-type=\"column\">\n\t\t\t<div class=\"elementor-widget-wrap elementor-element-populated\">\n\t\t\t\t\t\t<div class=\"elementor-element elementor-element-2bbbe954 elementor-invisible elementor-widget elementor-widget-heading\" data-id=\"2bbbe954\" data-element_type=\"widget\" data-e-type=\"widget\" data-settings=\"{&quot;_animation&quot;:&quot;fadeInDown&quot;}\" data-widget_type=\"heading.default\">\n\t\t\t\t<div class=\"elementor-widget-container\">\n\t\t\t\t\t<h2 class=\"elementor-heading-title elementor-size-default\">Sp\u00f8rgsm\u00e5l?<\/h2>\t\t\t\t<\/div>\n\t\t\t\t<\/div>\n\t\t\t\t<div class=\"elementor-element elementor-element-2a5ea765 elementor-invisible elementor-widget elementor-widget-heading\" data-id=\"2a5ea765\" data-element_type=\"widget\" data-e-type=\"widget\" data-settings=\"{&quot;_animation&quot;:&quot;fadeIn&quot;}\" data-widget_type=\"heading.default\">\n\t\t\t\t<div class=\"elementor-widget-container\">\n\t\t\t\t\t<h2 class=\"elementor-heading-title elementor-size-default\">Kontakt os i dag<\/h2>\t\t\t\t<\/div>\n\t\t\t\t<\/div>\n\t\t\t\t<div class=\"elementor-element elementor-element-10b33c66 elementor-invisible elementor-widget elementor-widget-image\" data-id=\"10b33c66\" data-element_type=\"widget\" data-e-type=\"widget\" data-settings=\"{&quot;_animation&quot;:&quot;fadeInUp&quot;}\" data-widget_type=\"image.default\">\n\t\t\t\t<div class=\"elementor-widget-container\">\n\t\t\t\t\t\t\t\t\t\t\t\t\t\t\t<img loading=\"lazy\" decoding=\"async\" width=\"185\" height=\"31\" src=\"https:\/\/jfmwebkatalog.dk\/designs\/nordnova\/wp-content\/uploads\/2023\/05\/spacer-2-e1685515118602.png\" class=\"attachment-large size-large wp-image-172\" alt=\"\" \/>\t\t\t\t\t\t\t\t\t\t\t\t\t\t\t<\/div>\n\t\t\t\t<\/div>\n\t\t\t\t<div class=\"elementor-element elementor-element-dc763f8 elementor-mobile-align-center elementor-icon-list--layout-traditional elementor-list-item-link-full_width elementor-widget elementor-widget-icon-list\" data-id=\"dc763f8\" data-element_type=\"widget\" data-e-type=\"widget\" data-widget_type=\"icon-list.default\">\n\t\t\t\t<div class=\"elementor-widget-container\">\n\t\t\t\t\t\t\t<ul class=\"elementor-icon-list-items\">\n\t\t\t\t\t\t\t<li class=\"elementor-icon-list-item\">\n\t\t\t\t\t\t\t\t\t\t\t<span class=\"elementor-icon-list-icon\">\n\t\t\t\t\t\t\t<i aria-hidden=\"true\" class=\"fas fa-map-marker-alt\"><\/i>\t\t\t\t\t\t<\/span>\n\t\t\t\t\t\t\t\t\t\t<span class=\"elementor-icon-list-text\">Baneg\u00e5rdspladsen 1 <\/span>\n\t\t\t\t\t\t\t\t\t<\/li>\n\t\t\t\t\t\t\t\t<li class=\"elementor-icon-list-item\">\n\t\t\t\t\t\t\t\t\t\t\t<span class=\"elementor-icon-list-icon\">\n\t\t\t\t\t\t\t<i aria-hidden=\"true\" class=\"fas fa-map-pin\"><\/i>\t\t\t\t\t\t<\/span>\n\t\t\t\t\t\t\t\t\t\t<span class=\"elementor-icon-list-text\">5000 Odense C<\/span>\n\t\t\t\t\t\t\t\t\t<\/li>\n\t\t\t\t\t\t\t\t<li class=\"elementor-icon-list-item\">\n\t\t\t\t\t\t\t\t\t\t\t<span class=\"elementor-icon-list-icon\">\n\t\t\t\t\t\t\t<i aria-hidden=\"true\" class=\"fas fa-phone-alt\"><\/i>\t\t\t\t\t\t<\/span>\n\t\t\t\t\t\t\t\t\t\t<span class=\"elementor-icon-list-text\">+45 72 28 72 72<\/span>\n\t\t\t\t\t\t\t\t\t<\/li>\n\t\t\t\t\t\t\t\t<li class=\"elementor-icon-list-item\">\n\t\t\t\t\t\t\t\t\t\t\t<span class=\"elementor-icon-list-icon\">\n\t\t\t\t\t\t\t<i aria-hidden=\"true\" class=\"fas fa-envelope\"><\/i>\t\t\t\t\t\t<\/span>\n\t\t\t\t\t\t\t\t\t\t<span class=\"elementor-icon-list-text\">kontaktos@nordnova.dk<\/span>\n\t\t\t\t\t\t\t\t\t<\/li>\n\t\t\t\t\t\t\t\t<li class=\"elementor-icon-list-item\">\n\t\t\t\t\t\t\t\t\t\t\t<span class=\"elementor-icon-list-icon\">\n\t\t\t\t\t\t\t<i aria-hidden=\"true\" class=\"fas fa-info-circle\"><\/i>\t\t\t\t\t\t<\/span>\n\t\t\t\t\t\t\t\t\t\t<span class=\"elementor-icon-list-text\">CVR: 1122334<\/span>\n\t\t\t\t\t\t\t\t\t<\/li>\n\t\t\t\t\t\t<\/ul>\n\t\t\t\t\t\t<\/div>\n\t\t\t\t<\/div>\n\t\t\t\t<div class=\"elementor-element elementor-element-17eea195 elementor-align-left elementor-mobile-align-center elementor-invisible elementor-widget elementor-widget-button\" data-id=\"17eea195\" data-element_type=\"widget\" data-e-type=\"widget\" data-settings=\"{&quot;_animation&quot;:&quot;fadeInUp&quot;,&quot;_animation_delay&quot;:100}\" data-widget_type=\"button.default\">\n\t\t\t\t<div class=\"elementor-widget-container\">\n\t\t\t\t\t\t\t\t\t<div class=\"elementor-button-wrapper\">\n\t\t\t\t\t<a class=\"elementor-button elementor-button-link elementor-size-sm\" href=\"#\">\n\t\t\t\t\t\t<span class=\"elementor-button-content-wrapper\">\n\t\t\t\t\t\t\t\t\t<span class=\"elementor-button-text\">Send os en besked<\/span>\n\t\t\t\t\t<\/span>\n\t\t\t\t\t<\/a>\n\t\t\t\t<\/div>\n\t\t\t\t\t\t\t\t<\/div>\n\t\t\t\t<\/div>\n\t\t\t\t\t<\/div>\n\t\t<\/div>\n\t\t\t\t\t<\/div>\n\t\t<\/section>\n\t\t\t\t<section class=\"elementor-section elementor-top-section elementor-element elementor-element-6f452369 elementor-section-boxed elementor-section-height-default elementor-section-height-default\" data-id=\"6f452369\" data-element_type=\"section\" data-e-type=\"section\">\n\t\t\t\t\t\t<div class=\"elementor-container elementor-column-gap-default\">\n\t\t\t\t\t<div class=\"elementor-column elementor-col-100 elementor-top-column elementor-element elementor-element-1a4ef9f\" data-id=\"1a4ef9f\" data-element_type=\"column\" data-e-type=\"column\" data-settings=\"{&quot;background_background&quot;:&quot;classic&quot;}\">\n\t\t\t<div class=\"elementor-widget-wrap elementor-element-populated\">\n\t\t\t\t\t\t<section class=\"elementor-section elementor-inner-section elementor-element elementor-element-494af8fc elementor-section-full_width elementor-section-height-default elementor-section-height-default\" data-id=\"494af8fc\" data-element_type=\"section\" data-e-type=\"section\">\n\t\t\t\t\t\t<div class=\"elementor-container elementor-column-gap-default\">\n\t\t\t\t\t<div class=\"elementor-column elementor-col-100 elementor-inner-column elementor-element elementor-element-5a7686e\" data-id=\"5a7686e\" data-element_type=\"column\" data-e-type=\"column\">\n\t\t\t<div class=\"elementor-widget-wrap elementor-element-populated\">\n\t\t\t\t\t\t<div class=\"elementor-element elementor-element-afaea4a elementor-widget elementor-widget-google_maps\" data-id=\"afaea4a\" data-element_type=\"widget\" data-e-type=\"widget\" data-widget_type=\"google_maps.default\">\n\t\t\t\t<div class=\"elementor-widget-container\">\n\t\t\t\t\t\t\t<div class=\"elementor-custom-embed\">\n\t\t\t<iframe loading=\"lazy\"\n\t\t\t\t\tsrc=\"https:\/\/maps.google.com\/maps?q=baneg%C3%A5rdspladen%201%2C%205000%20odense&#038;t=m&#038;z=17&#038;output=embed&#038;iwloc=near\"\n\t\t\t\t\ttitle=\"baneg\u00e5rdspladen 1, 5000 odense\"\n\t\t\t\t\taria-label=\"baneg\u00e5rdspladen 1, 5000 odense\"\n\t\t\t><\/iframe>\n\t\t<\/div>\n\t\t\t\t\t\t<\/div>\n\t\t\t\t<\/div>\n\t\t\t\t\t<\/div>\n\t\t<\/div>\n\t\t\t\t\t<\/div>\n\t\t<\/section>\n\t\t\t\t\t<\/div>\n\t\t<\/div>\n\t\t\t\t\t<\/div>\n\t\t<\/section>\n\t\t\t\t<\/div>\n\t\t","protected":false},"excerpt":{"rendered":"<p>Sp\u00f8rgsm\u00e5l? Kontakt os i dag Baneg\u00e5rdspladsen 1 5000 Odense C +45 72 28 72 72 kontaktos@nordnova.dk CVR: 1122334 Send os en besked<\/p>\n","protected":false},"author":1,"featured_media":0,"parent":0,"menu_order":0,"comment_status":"closed","ping_status":"closed","template":"elementor_header_footer","meta":{"footnotes":""},"class_list":["post-45","page","type-page","status-publish","hentry"],"_links":{"self":[{"href":"https:\/\/jfmwebkatalog.dk\/designs\/nordnova\/wp-json\/wp\/v2\/pages\/45","targetHints":{"allow":["GET"]}}],"collection":[{"href":"https:\/\/jfmwebkatalog.dk\/designs\/nordnova\/wp-json\/wp\/v2\/pages"}],"about":[{"href":"https:\/\/jfmwebkatalog.dk\/designs\/nordnova\/wp-json\/wp\/v2\/types\/page"}],"author":[{"embeddable":true,"href":"https:\/\/jfmwebkatalog.dk\/designs\/nordnova\/wp-json\/wp\/v2\/users\/1"}],"replies":[{"embeddable":true,"href":"https:\/\/jfmwebkatalog.dk\/designs\/nordnova\/wp-json\/wp\/v2\/comments?post=45"}],"version-history":[{"count":10,"href":"https:\/\/jfmwebkatalog.dk\/designs\/nordnova\/wp-json\/wp\/v2\/pages\/45\/revisions"}],"predecessor-version":[{"id":458,"href":"https:\/\/jfmwebkatalog.dk\/designs\/nordnova\/wp-json\/wp\/v2\/pages\/45\/revisions\/458"}],"wp:attachment":[{"href":"https:\/\/jfmwebkatalog.dk\/designs\/nordnova\/wp-json\/wp\/v2\/media?parent=45"}],"curies":[{"name":"wp","href":"https:\/\/api.w.org\/{rel}","templated":true}]}}