{"id":154,"date":"2023-06-09T14:20:12","date_gmt":"2023-06-09T12:20:12","guid":{"rendered":"http:\/\/sundstrom.jfmwebkatalog.dk\/?post_type=product&#038;p=154"},"modified":"2023-07-04T12:49:00","modified_gmt":"2023-07-04T10:49:00","slug":"design-6","status":"publish","type":"product","link":"https:\/\/jfmwebkatalog.dk\/designs\/sundstrom\/vare\/design-6\/","title":{"rendered":"Design 6"},"content":{"rendered":"<p>Et minimalistisk plakatdesign med en enkelt, bold skrifttype i sort p\u00e5 en hvid baggrund. Centralt placeret er et ikonisk symbol eller en simpel grafisk illustration, der repr\u00e6senterer det overordnede budskab. Plakaten er stilren og i\u00f8jnefaldende med fokus p\u00e5 tydelig kommunikation og \u00e6stetisk appel.<\/p>\n","protected":false},"excerpt":{"rendered":"<p>Et minimalistisk plakatdesign med en enkelt, bold skrifttype i sort p\u00e5 en hvid baggrund. Centralt placeret er et ikonisk symbol eller en simpel grafisk illustration, der repr\u00e6senterer det overordnede budskab. Plakaten er stilren og i\u00f8jnefaldende med fokus p\u00e5 tydelig kommunikation og \u00e6stetisk appel.<\/p>\n","protected":false},"featured_media":97,"comment_status":"open","ping_status":"closed","template":"","meta":[],"product_brand":[],"product_cat":[27,23,28],"product_tag":[],"class_list":{"0":"post-154","1":"product","2":"type-product","3":"status-publish","4":"has-post-thumbnail","6":"product_cat-abstrakt","7":"product_cat-plakater","8":"product_cat-realisme","10":"first","11":"instock","12":"shipping-taxable","13":"purchasable","14":"product-type-variable"},"_links":{"self":[{"href":"https:\/\/jfmwebkatalog.dk\/designs\/sundstrom\/wp-json\/wp\/v2\/product\/154","targetHints":{"allow":["GET"]}}],"collection":[{"href":"https:\/\/jfmwebkatalog.dk\/designs\/sundstrom\/wp-json\/wp\/v2\/product"}],"about":[{"href":"https:\/\/jfmwebkatalog.dk\/designs\/sundstrom\/wp-json\/wp\/v2\/types\/product"}],"replies":[{"embeddable":true,"href":"https:\/\/jfmwebkatalog.dk\/designs\/sundstrom\/wp-json\/wp\/v2\/comments?post=154"}],"wp:featuredmedia":[{"embeddable":true,"href":"https:\/\/jfmwebkatalog.dk\/designs\/sundstrom\/wp-json\/wp\/v2\/media\/97"}],"wp:attachment":[{"href":"https:\/\/jfmwebkatalog.dk\/designs\/sundstrom\/wp-json\/wp\/v2\/media?parent=154"}],"wp:term":[{"taxonomy":"product_brand","embeddable":true,"href":"https:\/\/jfmwebkatalog.dk\/designs\/sundstrom\/wp-json\/wp\/v2\/product_brand?post=154"},{"taxonomy":"product_cat","embeddable":true,"href":"https:\/\/jfmwebkatalog.dk\/designs\/sundstrom\/wp-json\/wp\/v2\/product_cat?post=154"},{"taxonomy":"product_tag","embeddable":true,"href":"https:\/\/jfmwebkatalog.dk\/designs\/sundstrom\/wp-json\/wp\/v2\/product_tag?post=154"}],"curies":[{"name":"wp","href":"https:\/\/api.w.org\/{rel}","templated":true}]}}